{"id":97,"date":"2025-11-04T18:37:50","date_gmt":"2025-11-04T18:37:50","guid":{"rendered":"https:\/\/www.reselling.dsdev.si\/?post_type=product&#038;p=97"},"modified":"2025-11-11T18:04:39","modified_gmt":"2025-11-11T18:04:39","slug":"apple-airpods-pro-2","status":"publish","type":"product","link":"https:\/\/reselling.dsdev.si\/?product=apple-airpods-pro-2","title":{"rendered":"Apple AirPods Pro 2"},"content":{"rendered":"<p data-start=\"2147\" data-end=\"2445\">AirPods Pro 2 nudijo vrhunsko kakovost zvoka, aktivno du\u0161enje \u0161umov in prostorski \u201cspatial\u201d audio efekt. Zasnovane za udobno no\u0161enje, z enostavnim preklapljanjem med Apple napravami. Nova generacija omogo\u010da do 6 ur neprekinjenega poslu\u0161anja, vodoodporne so po standardu IPX4.<\/p>\n","protected":false},"excerpt":{"rendered":"<p data-start=\"2067\" data-end=\"2145\">Popoln zvok in udobje \u2013 brez\u017ei\u010dne slu\u0161alke za vsak dan.<\/p>\n","protected":false},"featured_media":94,"comment_status":"open","ping_status":"closed","template":"","meta":[],"product_brand":[],"product_cat":[23],"product_tag":[40],"class_list":{"0":"post-97","1":"product","2":"type-product","3":"status-publish","4":"has-post-thumbnail","6":"product_cat-elecronics","7":"product_tag-best-sellers","9":"first","10":"instock","11":"sale","12":"shipping-taxable","13":"purchasable","14":"product-type-simple"},"jetpack_sharing_enabled":true,"_links":{"self":[{"href":"https:\/\/reselling.dsdev.si\/index.php?rest_route=\/wp\/v2\/product\/97","targetHints":{"allow":["GET"]}}],"collection":[{"href":"https:\/\/reselling.dsdev.si\/index.php?rest_route=\/wp\/v2\/product"}],"about":[{"href":"https:\/\/reselling.dsdev.si\/index.php?rest_route=\/wp\/v2\/types\/product"}],"replies":[{"embeddable":true,"href":"https:\/\/reselling.dsdev.si\/index.php?rest_route=%2Fwp%2Fv2%2Fcomments&post=97"}],"wp:featuredmedia":[{"embeddable":true,"href":"https:\/\/reselling.dsdev.si\/index.php?rest_route=\/wp\/v2\/media\/94"}],"wp:attachment":[{"href":"https:\/\/reselling.dsdev.si\/index.php?rest_route=%2Fwp%2Fv2%2Fmedia&parent=97"}],"wp:term":[{"taxonomy":"product_brand","embeddable":true,"href":"https:\/\/reselling.dsdev.si\/index.php?rest_route=%2Fwp%2Fv2%2Fproduct_brand&post=97"},{"taxonomy":"product_cat","embeddable":true,"href":"https:\/\/reselling.dsdev.si\/index.php?rest_route=%2Fwp%2Fv2%2Fproduct_cat&post=97"},{"taxonomy":"product_tag","embeddable":true,"href":"https:\/\/reselling.dsdev.si\/index.php?rest_route=%2Fwp%2Fv2%2Fproduct_tag&post=97"}],"curies":[{"name":"wp","href":"https:\/\/api.w.org\/{rel}","templated":true}]}}