{"id":96,"date":"2025-11-04T18:37:13","date_gmt":"2025-11-04T18:37:13","guid":{"rendered":"https:\/\/www.reselling.dsdev.si\/?post_type=product&#038;p=96"},"modified":"2025-11-05T13:55:43","modified_gmt":"2025-11-05T13:55:43","slug":"vortex-rgb-gaming-slusalke","status":"publish","type":"product","link":"https:\/\/reselling.dsdev.si\/?product=vortex-rgb-gaming-slusalke","title":{"rendered":"Vortex RGB Gaming Slu\u0161alke"},"content":{"rendered":"<p data-start=\"1707\" data-end=\"2026\">Vortex RGB gaming slu\u0161alke nudijo 7.1 prostorski zvok, ki igralcu omogo\u010da popolno potopitev v dogajanje. Mikrofon z odpravljanjem \u0161umov zagotavlja jasen glasovni klepet, RGB osvetlitev pa ustvarja pravo gaming vzdu\u0161je. Udobne blazinice in lahek okvir omogo\u010dajo dolgotrajno igranje brez nelagodja.<\/p>\n","protected":false},"excerpt":{"rendered":"<p data-start=\"1616\" data-end=\"1705\">Prostorski zvok 7.1 in RGB osvetlitev za popolno igralno izku\u0161njo.<\/p>\n","protected":false},"featured_media":95,"comment_status":"open","ping_status":"closed","template":"","meta":[],"product_brand":[],"product_cat":[23],"product_tag":[],"class_list":{"0":"post-96","1":"product","2":"type-product","3":"status-publish","4":"has-post-thumbnail","6":"product_cat-elecronics","8":"first","9":"instock","10":"sale","11":"shipping-taxable","12":"purchasable","13":"product-type-simple"},"jetpack_sharing_enabled":true,"_links":{"self":[{"href":"https:\/\/reselling.dsdev.si\/index.php?rest_route=\/wp\/v2\/product\/96","targetHints":{"allow":["GET"]}}],"collection":[{"href":"https:\/\/reselling.dsdev.si\/index.php?rest_route=\/wp\/v2\/product"}],"about":[{"href":"https:\/\/reselling.dsdev.si\/index.php?rest_route=\/wp\/v2\/types\/product"}],"replies":[{"embeddable":true,"href":"https:\/\/reselling.dsdev.si\/index.php?rest_route=%2Fwp%2Fv2%2Fcomments&post=96"}],"wp:featuredmedia":[{"embeddable":true,"href":"https:\/\/reselling.dsdev.si\/index.php?rest_route=\/wp\/v2\/media\/95"}],"wp:attachment":[{"href":"https:\/\/reselling.dsdev.si\/index.php?rest_route=%2Fwp%2Fv2%2Fmedia&parent=96"}],"wp:term":[{"taxonomy":"product_brand","embeddable":true,"href":"https:\/\/reselling.dsdev.si\/index.php?rest_route=%2Fwp%2Fv2%2Fproduct_brand&post=96"},{"taxonomy":"product_cat","embeddable":true,"href":"https:\/\/reselling.dsdev.si\/index.php?rest_route=%2Fwp%2Fv2%2Fproduct_cat&post=96"},{"taxonomy":"product_tag","embeddable":true,"href":"https:\/\/reselling.dsdev.si\/index.php?rest_route=%2Fwp%2Fv2%2Fproduct_tag&post=96"}],"curies":[{"name":"wp","href":"https:\/\/api.w.org\/{rel}","templated":true}]}}