{"id":85,"date":"2025-11-04T18:36:14","date_gmt":"2025-11-04T18:36:14","guid":{"rendered":"https:\/\/www.reselling.dsdev.si\/?post_type=product&#038;p=85"},"modified":"2025-11-05T13:55:26","modified_gmt":"2025-11-05T13:55:26","slug":"gopro-hero-x-akcijska-kamera","status":"publish","type":"product","link":"https:\/\/reselling.dsdev.si\/?product=gopro-hero-x-akcijska-kamera","title":{"rendered":"GoPro Hero X Akcijska Kamera"},"content":{"rendered":"<p data-start=\"1304\" data-end=\"1568\">GoPro Hero X je idealna kamera za snemanje dogodiv\u0161\u010din. Ponuja 4K lo\u010dljivost, stabilizacijo slike in vodoodpornost do 30\u202fm. Z Wi-Fi povezavo lahko videe hitro deli\u0161 na dru\u017ebenih omre\u017ejih. Odli\u010dna za \u0161port, potovanja ali vsakodnevne trenutke.<\/p>\n","protected":false},"excerpt":{"rendered":"<p data-start=\"1221\" data-end=\"1302\">Zajemaj avanture v 4K kakovosti \u2013 od gora do mestnih ulic.<\/p>\n","protected":false},"featured_media":93,"comment_status":"open","ping_status":"closed","template":"","meta":[],"product_brand":[],"product_cat":[23],"product_tag":[],"class_list":{"0":"post-85","1":"product","2":"type-product","3":"status-publish","4":"has-post-thumbnail","6":"product_cat-elecronics","8":"first","9":"instock","10":"sale","11":"shipping-taxable","12":"purchasable","13":"product-type-simple"},"jetpack_sharing_enabled":true,"_links":{"self":[{"href":"https:\/\/reselling.dsdev.si\/index.php?rest_route=\/wp\/v2\/product\/85","targetHints":{"allow":["GET"]}}],"collection":[{"href":"https:\/\/reselling.dsdev.si\/index.php?rest_route=\/wp\/v2\/product"}],"about":[{"href":"https:\/\/reselling.dsdev.si\/index.php?rest_route=\/wp\/v2\/types\/product"}],"replies":[{"embeddable":true,"href":"https:\/\/reselling.dsdev.si\/index.php?rest_route=%2Fwp%2Fv2%2Fcomments&post=85"}],"wp:featuredmedia":[{"embeddable":true,"href":"https:\/\/reselling.dsdev.si\/index.php?rest_route=\/wp\/v2\/media\/93"}],"wp:attachment":[{"href":"https:\/\/reselling.dsdev.si\/index.php?rest_route=%2Fwp%2Fv2%2Fmedia&parent=85"}],"wp:term":[{"taxonomy":"product_brand","embeddable":true,"href":"https:\/\/reselling.dsdev.si\/index.php?rest_route=%2Fwp%2Fv2%2Fproduct_brand&post=85"},{"taxonomy":"product_cat","embeddable":true,"href":"https:\/\/reselling.dsdev.si\/index.php?rest_route=%2Fwp%2Fv2%2Fproduct_cat&post=85"},{"taxonomy":"product_tag","embeddable":true,"href":"https:\/\/reselling.dsdev.si\/index.php?rest_route=%2Fwp%2Fv2%2Fproduct_tag&post=85"}],"curies":[{"name":"wp","href":"https:\/\/api.w.org\/{rel}","templated":true}]}}