{"id":84,"date":"2025-11-04T18:25:09","date_gmt":"2025-11-04T18:25:09","guid":{"rendered":"https:\/\/www.reselling.dsdev.si\/?post_type=product&#038;p=84"},"modified":"2025-11-05T13:54:40","modified_gmt":"2025-11-05T13:54:40","slug":"brezzicne-slusalke-sonicbeat-pro","status":"publish","type":"product","link":"https:\/\/reselling.dsdev.si\/?product=brezzicne-slusalke-sonicbeat-pro","title":{"rendered":"Brez\u017ei\u010dne slu\u0161alke SonicBeat Pro"},"content":{"rendered":"<p data-start=\"988\" data-end=\"1299\">SonicBeat Pro slu\u0161alke ponujajo vrhunski zvok s tehnologijo aktivnega du\u0161enja \u0161umov (ANC). Slu\u0161alke so ergonomsko oblikovane za udobno no\u0161enje in imajo baterijo, ki zdr\u017ei do 30 ur poslu\u0161anja. Polnilna \u0161katlica omogo\u010da hitro polnjenje, Bluetooth 5.3 pa stabilno povezavo z vsemi napravami.<\/p>\n","protected":false},"excerpt":{"rendered":"<p>Kakovostni zvok brez \u017eic \u2013 popolne za glasbo, trening ali klice na poti.<\/p>\n","protected":false},"featured_media":86,"comment_status":"open","ping_status":"closed","template":"","meta":[],"product_brand":[],"product_cat":[23],"product_tag":[],"class_list":{"0":"post-84","1":"product","2":"type-product","3":"status-publish","4":"has-post-thumbnail","6":"product_cat-elecronics","8":"first","9":"instock","10":"sale","11":"shipping-taxable","12":"purchasable","13":"product-type-simple"},"jetpack_sharing_enabled":true,"_links":{"self":[{"href":"https:\/\/reselling.dsdev.si\/index.php?rest_route=\/wp\/v2\/product\/84","targetHints":{"allow":["GET"]}}],"collection":[{"href":"https:\/\/reselling.dsdev.si\/index.php?rest_route=\/wp\/v2\/product"}],"about":[{"href":"https:\/\/reselling.dsdev.si\/index.php?rest_route=\/wp\/v2\/types\/product"}],"replies":[{"embeddable":true,"href":"https:\/\/reselling.dsdev.si\/index.php?rest_route=%2Fwp%2Fv2%2Fcomments&post=84"}],"wp:featuredmedia":[{"embeddable":true,"href":"https:\/\/reselling.dsdev.si\/index.php?rest_route=\/wp\/v2\/media\/86"}],"wp:attachment":[{"href":"https:\/\/reselling.dsdev.si\/index.php?rest_route=%2Fwp%2Fv2%2Fmedia&parent=84"}],"wp:term":[{"taxonomy":"product_brand","embeddable":true,"href":"https:\/\/reselling.dsdev.si\/index.php?rest_route=%2Fwp%2Fv2%2Fproduct_brand&post=84"},{"taxonomy":"product_cat","embeddable":true,"href":"https:\/\/reselling.dsdev.si\/index.php?rest_route=%2Fwp%2Fv2%2Fproduct_cat&post=84"},{"taxonomy":"product_tag","embeddable":true,"href":"https:\/\/reselling.dsdev.si\/index.php?rest_route=%2Fwp%2Fv2%2Fproduct_tag&post=84"}],"curies":[{"name":"wp","href":"https:\/\/api.w.org\/{rel}","templated":true}]}}