{"id":18,"date":"2025-11-03T17:36:47","date_gmt":"2025-11-03T17:36:47","guid":{"rendered":"https:\/\/www.reselling.dsdev.si\/?page_id=18"},"modified":"2025-11-22T10:50:19","modified_gmt":"2025-11-22T10:50:19","slug":"cart","status":"publish","type":"page","link":"https:\/\/reselling.dsdev.si\/?page_id=18","title":{"rendered":"Cart"},"content":{"rendered":"\n<p><\/p>\n\n\n<div class=\"woocommerce\"><section id=\"brxe-txoxfj\" class=\"brxe-section cart-empty wc-empty-cart-message\"><div id=\"brxe-ulehsn\" class=\"brxe-container\"><div id=\"brxe-qgvbkd\" class=\"brxe-block\"><div id=\"brxe-fzgkuo\" class=\"brxe-text\"><p>Your cart is currently empty.<\/p>\n<\/div><\/div><div id=\"brxe-sgamlv\" class=\"brxe-block\"><a id=\"brxe-esvynd\" class=\"brxe-button bricks-button bricks-background-primary\" href=\"https:\/\/reselling.dsdev.si\/?page_id=478\">Return to shop<\/a><\/div><\/div><\/section><section id=\"brxe-fkdqqn\" class=\"brxe-section\"><h3 id=\"brxe-eebppg\" class=\"brxe-heading\">Check out our best sellers<\/h3><div id=\"brxe-ttsvkc\" class=\"brxe-container\"><div id=\"brxe-cluonr\" data-script-id=\"cluonr\" class=\"brxe-carousel\"><div class=\"bricks-swiper-container\" data-script-args=\"{&quot;slidesPerView&quot;:2,&quot;slidesPerGroup&quot;:1,&quot;speed&quot;:300,&quot;autoHeight&quot;:false,&quot;effect&quot;:&quot;slide&quot;,&quot;spaceBetween&quot;:10,&quot;initialSlide&quot;:1,&quot;loop&quot;:true,&quot;centeredSlides&quot;:false}\"><div class=\"swiper-wrapper\"><div class=\"repeater-item swiper-slide\"><div class=\"image css-filter\" role=\"img\" style=\"background-image: url(&quot;https:\/\/reselling.dsdev.si\/wp-content\/uploads\/2025\/11\/7db55e22638d646a8b42f4ee330575d1-768x1024.jpg&quot;)\"><\/div><div class=\"content-wrapper\"><h3 class=\"dynamic\" data-field-id=\"129333\"><a href=\"https:\/\/reselling.dsdev.si\/?product=nike-air-jordan-1-retro-high-og-bred\" aria-label=\"Read more about Nike Air Jordan 1 Retro High OG \u201cBred\u201d\">Nike Air Jordan 1 Retro High OG \u201cBred\u201d<\/a><\/h3><div class=\"dynamic\" data-field-id=\"2afd66\">Iconic basketball sneakers with legendary style.<\/div><h3 class=\"dynamic\" data-field-id=\"wzljml\"><a href=\"\/index.php?rest_route=%2Fwp%2Fv2%2Fpages%2F18&#038;add-to-cart=100\" data-quantity=\"1\" class=\"button product_type_simple add_to_cart_button ajax_add_to_cart\" data-product_id=\"100\" data-product_sku=\"\" aria-label=\"Add to cart: &ldquo;Nike Air Jordan 1 Retro High OG \u201cBred\u201d&rdquo;\" rel=\"nofollow\">Add to cart<\/a><\/h3><\/div><\/div><div class=\"repeater-item swiper-slide\"><div class=\"image css-filter\" role=\"img\" style=\"background-image: url(&quot;https:\/\/reselling.dsdev.si\/wp-content\/uploads\/2025\/11\/cea17809c1b687feb92c962d02ed2aea.jpg&quot;)\"><\/div><div class=\"content-wrapper\"><h3 class=\"dynamic\" data-field-id=\"129333\"><a href=\"https:\/\/reselling.dsdev.si\/?product=apple-airpods-pro-2\" aria-label=\"Read more about Apple AirPods Pro 2\">Apple AirPods Pro 2<\/a><\/h3><div class=\"dynamic\" data-field-id=\"2afd66\">Popoln zvok in udobje \u2013 brez\u017ei\u010dne slu\u0161alke za vsak dan.<\/div><h3 class=\"dynamic\" data-field-id=\"wzljml\"><a href=\"\/index.php?rest_route=%2Fwp%2Fv2%2Fpages%2F18&#038;add-to-cart=97\" data-quantity=\"1\" class=\"button product_type_simple add_to_cart_button ajax_add_to_cart\" data-product_id=\"97\" data-product_sku=\"\" aria-label=\"Add to cart: &ldquo;Apple AirPods Pro 2&rdquo;\" rel=\"nofollow\">Add to cart<\/a><\/h3><\/div><\/div><\/div><\/div><\/div><div id=\"brxe-jeyicw\" data-script-id=\"jeyicw\" class=\"brxe-slider\"><div class=\"bricks-swiper-container\" data-script-args=\"{&quot;slidesPerView&quot;:1,&quot;slidesPerGroup&quot;:1,&quot;speed&quot;:300,&quot;effect&quot;:&quot;slide&quot;,&quot;spaceBetween&quot;:0,&quot;initialSlide&quot;:0,&quot;loop&quot;:true,&quot;centeredSlides&quot;:false,&quot;autoplay&quot;:{&quot;delay&quot;:3000,&quot;disableOnInteraction&quot;:false,&quot;pauseOnMouseEnter&quot;:true,&quot;stopOnLastSlide&quot;:false}}\"><div class=\"swiper-wrapper\">\n\t\t<div class=\"repeater-item swiper-slide\" data-brx-swiper-index=\"0\">\n\t\t\t<div class=\"slider-content\">\n\t\t\t\t<h3 class=\"title\">Nike Air Jordan 1 Retro High OG \u201cBred\u201d<\/h3><div class=\"content\"><p>Iconic basketball sneakers with legendary style.<\/p>\n<\/div><a class=\"bricks-button bricks-background-light\" href=\"\/index.php?rest_route=%2Fwp%2Fv2%2Fpages%2F18&amp;add-to-cart=100\">Add to cart<\/a>\t\t\t<\/div>\n\n\t\t\t<div class=\"image css-filter\" style=\"background-image: url(https:\/\/reselling.dsdev.si\/wp-content\/uploads\/2025\/11\/7db55e22638d646a8b42f4ee330575d1.jpg); background-size: auto\"><\/div>\n\t\t<\/div>\n\n\t\t\n\t\t<div class=\"repeater-item swiper-slide\" data-brx-swiper-index=\"1\">\n\t\t\t<div class=\"slider-content\">\n\t\t\t\t<h3 class=\"title\">Apple AirPods Pro 2<\/h3><div class=\"content\"><p>Popoln zvok in udobje \u2013 brez\u017ei\u010dne slu\u0161alke za vsak dan.<\/p>\n<\/div><a class=\"bricks-button bricks-background-light\" href=\"\/index.php?rest_route=%2Fwp%2Fv2%2Fpages%2F18&amp;add-to-cart=97\">Add to cart<\/a>\t\t\t<\/div>\n\n\t\t\t<div class=\"image css-filter\" style=\"background-image: url(https:\/\/reselling.dsdev.si\/wp-content\/uploads\/2025\/11\/cea17809c1b687feb92c962d02ed2aea.jpg); background-size: auto\"><\/div>\n\t\t<\/div>\n\n\t\t<\/div><\/div><\/div><\/div><\/section><\/div>\n","protected":false},"excerpt":{"rendered":"","protected":false},"author":1,"featured_media":0,"parent":0,"menu_order":0,"comment_status":"closed","ping_status":"closed","template":"","meta":{"footnotes":""},"class_list":{"1":"page","2":"type-page","3":"status-publish","4":"hentry"},"jetpack_sharing_enabled":true,"_links":{"self":[{"href":"https:\/\/reselling.dsdev.si\/index.php?rest_route=\/wp\/v2\/pages\/18","targetHints":{"allow":["GET"]}}],"collection":[{"href":"https:\/\/reselling.dsdev.si\/index.php?rest_route=\/wp\/v2\/pages"}],"about":[{"href":"https:\/\/reselling.dsdev.si\/index.php?rest_route=\/wp\/v2\/types\/page"}],"author":[{"embeddable":true,"href":"https:\/\/reselling.dsdev.si\/index.php?rest_route=\/wp\/v2\/users\/1"}],"replies":[{"embeddable":true,"href":"https:\/\/reselling.dsdev.si\/index.php?rest_route=%2Fwp%2Fv2%2Fcomments&post=18"}],"version-history":[{"count":5,"href":"https:\/\/reselling.dsdev.si\/index.php?rest_route=\/wp\/v2\/pages\/18\/revisions"}],"predecessor-version":[{"id":321,"href":"https:\/\/reselling.dsdev.si\/index.php?rest_route=\/wp\/v2\/pages\/18\/revisions\/321"}],"wp:attachment":[{"href":"https:\/\/reselling.dsdev.si\/index.php?rest_route=%2Fwp%2Fv2%2Fmedia&parent=18"}],"curies":[{"name":"wp","href":"https:\/\/api.w.org\/{rel}","templated":true}]}}